{"id":526,"date":"2025-09-04T05:45:03","date_gmt":"2025-09-04T05:45:03","guid":{"rendered":"https:\/\/mooreconnect.eu.moore-global.com\/?page_id=526"},"modified":"2025-09-04T05:45:48","modified_gmt":"2025-09-04T05:45:48","slug":"disclaimer","status":"publish","type":"page","link":"https:\/\/www.mooreconnect.at\/en\/disclaimer\/","title":{"rendered":"Disclaimer"},"content":{"rendered":"<style id=\"strategiq-hero-style\">@media (min-width: 992px){.block-hero{margin-left:83px}}.block-hero .position-relative:has(.hero__svg){overflow:hidden}.block-hero .hero__svg{z-index:1;-webkit-transform:translateX(100%);transform:translateX(100%);opacity:0;-webkit-animation:heroSvgFadeIn 1s ease-out forwards;animation:heroSvgFadeIn 1s ease-out forwards;-webkit-animation-delay:0.3s;animation-delay:0.3s}.block-hero .hero__svg-left{position:absolute;left:0;top:0;height:100%;-webkit-transform:translateX(100%);transform:translateX(100%);opacity:0;-webkit-animation:heroSvgFadeInReverse 2s cubic-bezier(0.25, 0.1, 0.05, 1) forwards;animation:heroSvgFadeInReverse 2s cubic-bezier(0.25, 0.1, 0.05, 1) forwards;-webkit-animation-delay:0.3s;animation-delay:0.3s}.block-hero .hero__svg-right{position:absolute;right:0;top:0;height:100%;-webkit-transform:translateX(-100%);transform:translateX(-100%);opacity:0;-webkit-animation:heroSvgFadeIn 2s cubic-bezier(0.25, 0.1, 0.05, 1) forwards;animation:heroSvgFadeIn 2s cubic-bezier(0.25, 0.1, 0.05, 1) forwards;-webkit-animation-delay:1s;animation-delay:1s}@-webkit-keyframes heroSvgFadeIn{0%{opacity:0;-webkit-transform:translateX(100%);transform:translateX(100%)}100%{opacity:1;-webkit-transform:translateX(0);transform:translateX(0)}}@keyframes heroSvgFadeIn{0%{opacity:0;-webkit-transform:translateX(100%);transform:translateX(100%)}100%{opacity:1;-webkit-transform:translateX(0);transform:translateX(0)}}@-webkit-keyframes heroSvgFadeInReverse{0%{opacity:0;-webkit-transform:translateX(-100%);transform:translateX(-100%)}100%{opacity:1;-webkit-transform:translateX(0);transform:translateX(0)}}@keyframes heroSvgFadeInReverse{0%{opacity:0;-webkit-transform:translateX(-100%);transform:translateX(-100%)}100%{opacity:1;-webkit-transform:translateX(0);transform:translateX(0)}}.block-hero--large{margin-left:0}.block-hero--large .hero{background:transparent}.block-hero--large.has-secondary-background-color .hero__content-wrapper{background-color:#5C0696}.block-hero--large.has-primary-background-color .hero__content-wrapper{background-color:#02212E}.block-hero--large.has-prussian-blue-background-color{background-color:transparent !important}.block-hero--large.has-prussian-blue-background-color .hero__content-wrapper{background:#004C6C}.block-hero--large.has-primary-gradient-gradient-background{background:transparent !important}.block-hero--large.has-primary-gradient-gradient-background .hero__content-wrapper{background:var(--primary-gradient)}.block-hero--large.has-secondary-gradient-gradient-background{background:transparent !important}.block-hero--large.has-secondary-gradient-gradient-background .hero__content-wrapper{background:var(--secondary-gradient)}.block-hero--large.has-tertiary-gradient-gradient-background{background:transparent !important}.block-hero--large.has-tertiary-gradient-gradient-background .hero__content-wrapper{background:var(--tertiary-gradient)}@media (min-width: 992px){.block-hero--heading-above-image{border-left:1px solid #D9D9D9;margin-right:83px}}.block-hero--heading-above-image .hero{min-height:410px}@media (min-width: 768px){.block-hero--heading-above-image .hero{min-height:570px}}.block-hero--heading-above-image .hero--call-to-action{-webkit-box-pack:end;-ms-flex-pack:end;justify-content:flex-end}@media (min-width: 992px){.block-hero--heading-above-image .hero--call-to-action{padding-right:0}}.block-hero.has-secondary-background-color{background-color:transparent !important}.block-hero.has-secondary-background-color .hero{background:#5C0696}.block-hero.has-white-background-color .hero{background:#fff}.block-hero.has-white-background-color .hero__title,.block-hero.has-white-background-color .hero__content p{color:#000}.block-hero.has-light-blue-background-color .hero{background:#eaf7fe}.block-hero.has-light-blue-background-color .hero__title,.block-hero.has-light-blue-background-color .hero__content p{color:#000}.block-hero.has-primary-background-color .hero{background:#02212E}.block-hero.has-prussian-blue-background-color{background-color:transparent !important}.block-hero.has-prussian-blue-background-color .hero{background:#004C6C}.block-hero.has-primary-gradient-gradient-background{background:transparent !important}.block-hero.has-primary-gradient-gradient-background .hero{background:var(--primary-gradient)}.block-hero.has-secondary-gradient-gradient-background{background:transparent !important}.block-hero.has-secondary-gradient-gradient-background .hero{background:var(--secondary-gradient)}.block-hero.has-tertiary-gradient-gradient-background{background:transparent !important}.block-hero.has-tertiary-gradient-gradient-background .hero{background:var(--tertiary-gradient)}\n\n\/*# sourceMappingURL=block-hero.css.map *\/\n<\/style>\n<section class=\"wp-block-strategiq block-hero block-hero block-hero--default wp-block-strategiq-hero\">\n\t\n\n<div class=\"hero hero--default\">\n\t\n\t<div class=\"container-fluid\">\n\t\t<div class=\"row\">\n\t\t\t<div class=\"col-12  p-0\">\n\t\t\t\t\t\t\t\t\t\t\t\t\t\t\t\n\t\t\t\t\t\t\t\t\t\t\t\t\t\t\t<img decoding=\"async\" class=\"hero__svg-left\" src=\"https:\/\/www.mooreconnect.at\/wp-content\/themes\/moore-global\/assets\/images\/hero-default-left.svg\" alt=\"Hero Image\">\n\n\t\t\t\t\t\t\t\t<img decoding=\"async\" class=\"hero__svg-right\" src=\"https:\/\/www.mooreconnect.at\/wp-content\/themes\/moore-global\/assets\/images\/hero-default-right.svg\" alt=\"Hero Image\">\n\t\t\t\t\t\t\t\n\t\t\t\t\t\t\t\t\t\t\t\t\t\t\t\n\t\t\t\t\n\t\t\t\t\t\t\t\t\t<div class=\"hero__content-wrapper\">\n\t\t\t\t\t\t<div class=\"hero__content\">\n\t\t\t\t\t\t\t<h1 class='hero__title'>Disclaimer<\/h1>\t\t\t\t\t\t\t\t\t\t\t\t\t\t\t\t\t\t\t\t<\/div>\n\t\t\t\t\t<\/div>\n\t\t\t\t\n\t\t\t<\/div>\n\n\t\t\t\t\t<\/div>\n\t<\/div>\n\n\t<\/div>\n<\/section>\n\n\n<style id=\"strategiq-two-column-style\">.block-two-column{padding:40px 0 20px}.single-firm .block-two-column{padding-bottom:1.875rem}@media (min-width: 768px){.block-two-column{padding:0}}@media (min-width: 768px){.block-two-column .content-offset-right{padding-right:0}}@media (min-width: 992px){.block-two-column .content-offset-right{padding-right:calc(8.33333% + 24px)}}.block-two-column img{width:100%}.block-two-column__content{color:var(--text-color)}.block-two-column__content p:last-of-type{margin-bottom:0}.block-two-column__list-content{margin-bottom:2.5rem}.block-two-column__list-heading{margin-bottom:8px;font-size:20px;font-weight:500}.block-two-column__list li p:last-of-type{margin-bottom:0}.block-two-column__list ul:first-of-type,.block-two-column__list ol:first-of-type{margin-top:0}.block-two-column__list ul:first-of-type li:first-of-type,.block-two-column__list ol:first-of-type li:first-of-type{margin-top:0}.block-two-column__list>p+ul:first-of-type,.block-two-column__list>p+ol:first-of-type{margin-top:1rem}.block-two-column__list>p+ul:first-of-type li:first-of-type,.block-two-column__list>p+ol:first-of-type li:first-of-type{margin-top:24px}.block-two-column__content.position-sticky,.block-two-column__list.position-sticky,.block-two-column__image-container.position-sticky{top:calc(var(--site-header-height) + 1rem)}.block-two-column__content,.block-two-column__image,.block-two-column__list{padding:12px 0}@media (min-width: 768px){.block-two-column__content,.block-two-column__image,.block-two-column__list{padding:2.5rem 1rem}}@media (min-width: 992px){.block-two-column__content,.block-two-column__image,.block-two-column__list{padding:5rem 0 3.75rem 0}}\n\n\/*# sourceMappingURL=block-two-column.css.map *\/\n<\/style>\n<section class=\"wp-block-strategiq block-two-column wp-block-strategiq-two-column\">\n\t<div class=\"container\">\n\t\t\t\t<div class=\"row align-items-start\">\n\t\t\t\t\t\t\t<div class=\"col-12 col-md-6 col-lg-5 offset-lg-1 content-offset-right\">\n\t\t\t\t\t\t\t\t\t\t\t<div class=\"block-two-column__content content-container\">\n\t\t\t\t\t\t\t\t\t\t\t\t\t\t\t<p>F\u00fcr telefonisch und elektronisch \u00fcbermittelte fachliche Ausk\u00fcnfte und Ratschl\u00e4ge, die nicht durch eine nachfolgende schriftliche Ausfertigung von einem zeichnungsberechtigten Vertreter unseres Unternehmens autorisiert wurden, k\u00f6nnen wir grunds\u00e4tzlich keine Haftung \u00fcbernehmen.<\/p>\n<p>Der Inhalt dieser E-Mail ist ausschlie\u00dflich f\u00fcr den bezeichneten Adressaten bestimmt. Wenn Sie nicht der vorgesehene Adressat sein sollten, so beachten Sie bitte, dass jede Form der Kenntnisnahme, Ver\u00f6ffentlichung, Vervielf\u00e4ltigung oder Weitergabe des Inhaltes dieser E-Mail unzul\u00e4ssig ist. Wir ersuchen Sie in diesem Fall sich mit dem Absender der E-Mail in Verbindung zu setzen.<\/p>\n<p>Aussagen gegen\u00fcber dem Adressaten unterliegen der Regelung des Mandatsvertrages. Die Versendung von E-Mails an uns hat keine fristwahrende Wirkung.<\/p>\n<p>Wir m\u00f6chten Sie au\u00dferdem darauf hinweisen, dass die Kommunikation per E-Mail \u00fcber das Internet unsicher ist, da f\u00fcr unberechtigte Dritte grunds\u00e4tzlich die M\u00f6glichkeit der Kenntnisnahme und Manipulation besteht. Wir \u00fcbernehmen daher f\u00fcr den Inhalt dieser Nachricht noch f\u00fcr eventuelle \u00c4nderungen, die nach dem Versand der Originalnachricht vorgenommen wurden, irgendeine Verantwortung. Obwohl wir alle angemessenen Vorkehrungen getroffen haben, um sicherzustellen, dass Anlagen zu dieser E-Mail virenfrei sind, empfehlen wir Ihnen dennoch, anh\u00e4ngende Dateien vor dem \u00d6ffnen durch ein geeignetes Anti-Viren-Programm zu pr\u00fcfen, da wir keinerlei Haftung f\u00fcr Sch\u00e4den \u00fcbernehmen, die infolge etwaiger Viren oder sonstiger Schadsoftware entstehen k\u00f6nnten.<\/p>\n<p>Wir weisen darauf hin, dass Stellungnahmen zu Vertragsentw\u00fcrfen von uns ausschlie\u00dflich unter Ber\u00fccksichtigung der steuerlichen Aspekte erstellt werden und unsere Beratung andere rechtliche Aspekte nicht abdeckt. Die in diesem Zusammenhang jedenfalls erforderlichen weiteren rechtlichen und sonstigen Abkl\u00e4rungen sind von Ihnen zu veranlassen, beziehungsweise ist damit ein Anwalt Ihres Vertrauens zu beauftragen.<\/p>\n\t\t\t\t\t\t\t\t\t\t\t\t\t<\/div>\n\t\t\t\t\t\t\t\t\t<\/div>\n\t\t\t\t\t\t\t<div class=\"col-12 col-md-6 col-lg-5 offset-lg-1 content-offset-right\">\n\t\t\t\t\t\t\t\t\t\t\t<div class=\"block-two-column__content content-container\">\n\t\t\t\t\t\t\t\t\t\t\t\t\t\t\t<p>We are not liable for information or advice given over the telephone or transmitted electronically, which is not subsequently given in writing and thereby authorised by an authorised representative of our company.<\/p>\n<p>The information contained in this communication is intended solely for the use of the individual or entity to whom it is addressed and others authorized to receive it. It may contain confidential or legally privileged information. If you are not the intended recipient you are hereby notified that any disclosure, copying, distribution or taking any action in reliance on the contents of this information is strictly prohibited and may be unlawful. If you have received this communication in error, please notify us immediately by responding to this email and then delete it from your system. Moore Stephens Schwarz Kallinger Zwettler is neither liable for the proper and complete transmission of the information contained in this communication nor for any delay in its receipt.<\/p>\n<p>Statements to the addressee fall under the regulations of the contract of mandate. Sending emails to us does not entail any effect on the observance of deadlines.<\/p>\n<p>We would also like to point out that communication by email through the internet is insecure, since unauthorised third parties are, in principle, able to read and manipulate its contents. We are not responsible for the content of this message or changes made to it after the original message has been sent. Although we have taken all possible precautions to ensure that attachments to this email are checked for viruses, we still advise you to perform a virus check with a suitable virus checker on any attachments before opening them, since we take no liability for any damage caused by software viruses.<br \/>\nBe aware that consulting services concerning draft contracts contain only tax items and need further legal advice by a lawyer. Please contact a lawyer for execution.<\/p>\n\t\t\t\t\t\t\t\t\t\t\t\t\t<\/div>\n\t\t\t\t\t\t\t\t\t<\/div>\n\t\t\t\t\t<\/div>\n\t<\/div>\n<\/section>\n\n\n<p><\/p>","protected":false},"excerpt":{"rendered":"","protected":false},"author":37,"featured_media":0,"parent":0,"menu_order":0,"comment_status":"closed","ping_status":"closed","template":"","meta":{"_acf_changed":true,"footnotes":""},"class_list":["post-526","page","type-page","status-publish","hentry"],"acf":[],"yoast_head":"<!-- This site is optimized with the Yoast SEO plugin v27.2 - https:\/\/yoast.com\/product\/yoast-seo-wordpress\/ -->\n<title>Disclaimer - MOORE connect<\/title>\n<meta name=\"robots\" content=\"index, follow, max-snippet:-1, max-image-preview:large, max-video-preview:-1\" \/>\n<link rel=\"canonical\" href=\"https:\/\/www.mooreconnect.at\/en\/disclaimer\/\" \/>\n<meta property=\"og:locale\" content=\"en_GB\" \/>\n<meta property=\"og:type\" content=\"article\" \/>\n<meta property=\"og:title\" content=\"Disclaimer - MOORE connect\" \/>\n<meta property=\"og:url\" content=\"https:\/\/www.mooreconnect.at\/en\/disclaimer\/\" \/>\n<meta property=\"og:site_name\" content=\"MOORE connect\" \/>\n<meta property=\"article:modified_time\" content=\"2025-09-04T05:45:48+00:00\" \/>\n<meta name=\"twitter:card\" content=\"summary_large_image\" \/>\n<script type=\"application\/ld+json\" class=\"yoast-schema-graph\">{\"@context\":\"https:\/\/schema.org\",\"@graph\":[{\"@type\":\"WebPage\",\"@id\":\"https:\/\/www.mooreconnect.at\/disclaimer\/\",\"url\":\"https:\/\/www.mooreconnect.at\/disclaimer\/\",\"name\":\"Disclaimer - MOORE connect\",\"isPartOf\":{\"@id\":\"https:\/\/www.mooreconnect.at\/#website\"},\"datePublished\":\"2025-09-04T05:45:03+00:00\",\"dateModified\":\"2025-09-04T05:45:48+00:00\",\"breadcrumb\":{\"@id\":\"https:\/\/www.mooreconnect.at\/disclaimer\/#breadcrumb\"},\"inLanguage\":\"en-GB\",\"potentialAction\":[{\"@type\":\"ReadAction\",\"target\":[\"https:\/\/www.mooreconnect.at\/disclaimer\/\"]}]},{\"@type\":\"BreadcrumbList\",\"@id\":\"https:\/\/www.mooreconnect.at\/disclaimer\/#breadcrumb\",\"itemListElement\":[{\"@type\":\"ListItem\",\"position\":1,\"name\":\"Home\",\"item\":\"https:\/\/www.mooreconnect.at\/\"},{\"@type\":\"ListItem\",\"position\":2,\"name\":\"Disclaimer\"}]},{\"@type\":\"WebSite\",\"@id\":\"https:\/\/www.mooreconnect.at\/#website\",\"url\":\"https:\/\/www.mooreconnect.at\/\",\"name\":\"MOORE connect\",\"description\":\"Wir verbinden Menschen \u2013 Ideen \u2013 Werte. Wir begleiten Sie in Ihrer nachhaltigen unternehmerischen Entwicklung. Grundlage daf\u00fcr sind gelingende Beziehungen.\",\"potentialAction\":[{\"@type\":\"SearchAction\",\"target\":{\"@type\":\"EntryPoint\",\"urlTemplate\":\"https:\/\/www.mooreconnect.at\/?s={search_term_string}\"},\"query-input\":{\"@type\":\"PropertyValueSpecification\",\"valueRequired\":true,\"valueName\":\"search_term_string\"}}],\"inLanguage\":\"en-GB\"}]}<\/script>\n<!-- \/ Yoast SEO plugin. -->","yoast_head_json":{"title":"Disclaimer - MOORE connect","robots":{"index":"index","follow":"follow","max-snippet":"max-snippet:-1","max-image-preview":"max-image-preview:large","max-video-preview":"max-video-preview:-1"},"canonical":"https:\/\/www.mooreconnect.at\/en\/disclaimer\/","og_locale":"en_GB","og_type":"article","og_title":"Disclaimer - MOORE connect","og_url":"https:\/\/www.mooreconnect.at\/en\/disclaimer\/","og_site_name":"MOORE connect","article_modified_time":"2025-09-04T05:45:48+00:00","twitter_card":"summary_large_image","schema":{"@context":"https:\/\/schema.org","@graph":[{"@type":"WebPage","@id":"https:\/\/www.mooreconnect.at\/disclaimer\/","url":"https:\/\/www.mooreconnect.at\/disclaimer\/","name":"Disclaimer - MOORE connect","isPartOf":{"@id":"https:\/\/www.mooreconnect.at\/#website"},"datePublished":"2025-09-04T05:45:03+00:00","dateModified":"2025-09-04T05:45:48+00:00","breadcrumb":{"@id":"https:\/\/www.mooreconnect.at\/disclaimer\/#breadcrumb"},"inLanguage":"en-GB","potentialAction":[{"@type":"ReadAction","target":["https:\/\/www.mooreconnect.at\/disclaimer\/"]}]},{"@type":"BreadcrumbList","@id":"https:\/\/www.mooreconnect.at\/disclaimer\/#breadcrumb","itemListElement":[{"@type":"ListItem","position":1,"name":"Home","item":"https:\/\/www.mooreconnect.at\/"},{"@type":"ListItem","position":2,"name":"Disclaimer"}]},{"@type":"WebSite","@id":"https:\/\/www.mooreconnect.at\/#website","url":"https:\/\/www.mooreconnect.at\/","name":"MOORE connect","description":"Wir verbinden Menschen \u2013 Ideen \u2013 Werte. Wir begleiten Sie in Ihrer nachhaltigen unternehmerischen Entwicklung. Grundlage daf\u00fcr sind gelingende Beziehungen.","potentialAction":[{"@type":"SearchAction","target":{"@type":"EntryPoint","urlTemplate":"https:\/\/www.mooreconnect.at\/?s={search_term_string}"},"query-input":{"@type":"PropertyValueSpecification","valueRequired":true,"valueName":"search_term_string"}}],"inLanguage":"en-GB"}]}},"_links":{"self":[{"href":"https:\/\/www.mooreconnect.at\/en\/wp-json\/wp\/v2\/pages\/526","targetHints":{"allow":["GET"]}}],"collection":[{"href":"https:\/\/www.mooreconnect.at\/en\/wp-json\/wp\/v2\/pages"}],"about":[{"href":"https:\/\/www.mooreconnect.at\/en\/wp-json\/wp\/v2\/types\/page"}],"author":[{"embeddable":true,"href":"https:\/\/www.mooreconnect.at\/en\/wp-json\/wp\/v2\/users\/37"}],"replies":[{"embeddable":true,"href":"https:\/\/www.mooreconnect.at\/en\/wp-json\/wp\/v2\/comments?post=526"}],"version-history":[{"count":0,"href":"https:\/\/www.mooreconnect.at\/en\/wp-json\/wp\/v2\/pages\/526\/revisions"}],"wp:attachment":[{"href":"https:\/\/www.mooreconnect.at\/en\/wp-json\/wp\/v2\/media?parent=526"}],"curies":[{"name":"wp","href":"https:\/\/api.w.org\/{rel}","templated":true}]}}