{"id":270,"date":"2025-08-14T09:41:08","date_gmt":"2025-08-14T09:41:08","guid":{"rendered":"https:\/\/mooreconnect.eu.moore-global.com\/?page_id=270"},"modified":"2026-01-21T12:10:20","modified_gmt":"2026-01-21T12:10:20","slug":"fuehrungskrafte-entwicklung","status":"publish","type":"page","link":"https:\/\/www.mooreconnect.at\/en\/wirtschaftsmediation\/fuehrungskrafte-entwicklung\/","title":{"rendered":"Leadership Development"},"content":{"rendered":"<style id=\"strategiq-hero-style\">@media (min-width: 992px){.block-hero{margin-left:83px}}.block-hero .position-relative:has(.hero__svg){overflow:hidden}.block-hero .hero__svg{z-index:1;-webkit-transform:translateX(100%);transform:translateX(100%);opacity:0;-webkit-animation:heroSvgFadeIn 1s ease-out forwards;animation:heroSvgFadeIn 1s ease-out forwards;-webkit-animation-delay:0.3s;animation-delay:0.3s}.block-hero .hero__svg-left{position:absolute;left:0;top:0;height:100%;-webkit-transform:translateX(100%);transform:translateX(100%);opacity:0;-webkit-animation:heroSvgFadeInReverse 2s cubic-bezier(0.25, 0.1, 0.05, 1) forwards;animation:heroSvgFadeInReverse 2s cubic-bezier(0.25, 0.1, 0.05, 1) forwards;-webkit-animation-delay:0.3s;animation-delay:0.3s}.block-hero .hero__svg-right{position:absolute;right:0;top:0;height:100%;-webkit-transform:translateX(-100%);transform:translateX(-100%);opacity:0;-webkit-animation:heroSvgFadeIn 2s cubic-bezier(0.25, 0.1, 0.05, 1) forwards;animation:heroSvgFadeIn 2s cubic-bezier(0.25, 0.1, 0.05, 1) forwards;-webkit-animation-delay:1s;animation-delay:1s}@-webkit-keyframes heroSvgFadeIn{0%{opacity:0;-webkit-transform:translateX(100%);transform:translateX(100%)}100%{opacity:1;-webkit-transform:translateX(0);transform:translateX(0)}}@keyframes heroSvgFadeIn{0%{opacity:0;-webkit-transform:translateX(100%);transform:translateX(100%)}100%{opacity:1;-webkit-transform:translateX(0);transform:translateX(0)}}@-webkit-keyframes heroSvgFadeInReverse{0%{opacity:0;-webkit-transform:translateX(-100%);transform:translateX(-100%)}100%{opacity:1;-webkit-transform:translateX(0);transform:translateX(0)}}@keyframes heroSvgFadeInReverse{0%{opacity:0;-webkit-transform:translateX(-100%);transform:translateX(-100%)}100%{opacity:1;-webkit-transform:translateX(0);transform:translateX(0)}}.block-hero--large{margin-left:0}.block-hero--large .hero{background:transparent}.block-hero--large.has-secondary-background-color .hero__content-wrapper{background-color:#5C0696}.block-hero--large.has-primary-background-color .hero__content-wrapper{background-color:#02212E}.block-hero--large.has-prussian-blue-background-color{background-color:transparent !important}.block-hero--large.has-prussian-blue-background-color .hero__content-wrapper{background:#004C6C}.block-hero--large.has-primary-gradient-gradient-background{background:transparent !important}.block-hero--large.has-primary-gradient-gradient-background .hero__content-wrapper{background:var(--primary-gradient)}.block-hero--large.has-secondary-gradient-gradient-background{background:transparent !important}.block-hero--large.has-secondary-gradient-gradient-background .hero__content-wrapper{background:var(--secondary-gradient)}.block-hero--large.has-tertiary-gradient-gradient-background{background:transparent !important}.block-hero--large.has-tertiary-gradient-gradient-background .hero__content-wrapper{background:var(--tertiary-gradient)}@media (min-width: 992px){.block-hero--heading-above-image{border-left:1px solid #D9D9D9;margin-right:83px}}.block-hero--heading-above-image .hero{min-height:410px}@media (min-width: 768px){.block-hero--heading-above-image .hero{min-height:570px}}.block-hero--heading-above-image .hero--call-to-action{-webkit-box-pack:end;-ms-flex-pack:end;justify-content:flex-end}@media (min-width: 992px){.block-hero--heading-above-image .hero--call-to-action{padding-right:0}}.block-hero.has-secondary-background-color{background-color:transparent !important}.block-hero.has-secondary-background-color .hero{background:#5C0696}.block-hero.has-white-background-color .hero{background:#fff}.block-hero.has-white-background-color .hero__title,.block-hero.has-white-background-color .hero__content p{color:#000}.block-hero.has-light-blue-background-color .hero{background:#eaf7fe}.block-hero.has-light-blue-background-color .hero__title,.block-hero.has-light-blue-background-color .hero__content p{color:#000}.block-hero.has-primary-background-color .hero{background:#02212E}.block-hero.has-prussian-blue-background-color{background-color:transparent !important}.block-hero.has-prussian-blue-background-color .hero{background:#004C6C}.block-hero.has-primary-gradient-gradient-background{background:transparent !important}.block-hero.has-primary-gradient-gradient-background .hero{background:var(--primary-gradient)}.block-hero.has-secondary-gradient-gradient-background{background:transparent !important}.block-hero.has-secondary-gradient-gradient-background .hero{background:var(--secondary-gradient)}.block-hero.has-tertiary-gradient-gradient-background{background:transparent !important}.block-hero.has-tertiary-gradient-gradient-background .hero{background:var(--tertiary-gradient)}\n\n\/*# sourceMappingURL=block-hero.css.map *\/\n<\/style>\n<section class=\"wp-block-strategiq block-hero block-hero block-hero--heading-above-image wp-block-strategiq-hero\">\n\t\n\t<div class=\"hero__heading-above-image\">\n\t\t<div class=\"row align-items-start\">\n\t\t\t<div class=\"col-12 col-lg-5 offset-lg-1\">\n\t\t\t\t<h1 class='hero__heading-above-image-title'>Leadership Development<\/h1>\t\t\t<\/div>\n\t\t\t<div class=\"col-12 col-lg-5 offset-lg-1\">\n\t\t\t\t<div class=\"hero__heading-above-image-content\">\n\t\t\t\t\t<p><\/p>\n\t\t\t\t<\/div>\n\t\t\t<\/div>\n\t\t<\/div>\n\t<\/div>\n\n<div class=\"hero hero--call-to-action\">\n\t\n\t<div class=\"container-fluid\">\n\t\t<div class=\"row\">\n\t\t\t<div class=\"col-12  p-0\">\n\t\t\t\t\t\t\t\t\t<picture class=\"hero__image behave-as-bg--cover behave-as-bg--center-center behave-as-bg\"><source media=\"(min-width: 1200px)\" srcset=\"https:\/\/www.mooreconnect.at\/wp-content\/uploads\/sites\/23\/bis-images\/663\/Titel_mountain-lake-1030924_1280b-1270x595-f50_50.jpg 0.661x,https:\/\/www.mooreconnect.at\/wp-content\/uploads\/sites\/23\/bis-images\/663\/Titel_mountain-lake-1030924_1280b-1270x595-f50_50.jpg 0.661x\"><source media=\"(min-width: 992px)\" srcset=\"https:\/\/www.mooreconnect.at\/wp-content\/uploads\/sites\/23\/bis-images\/663\/Titel_mountain-lake-1030924_1280b-1600x900.jpg 1.000x,https:\/\/www.mooreconnect.at\/wp-content\/uploads\/sites\/23\/bis-images\/663\/Titel_mountain-lake-1030924_1280b-3200x1800.jpg 2.000x\"><source media=\"(min-width: 0px)\" srcset=\"https:\/\/www.mooreconnect.at\/wp-content\/uploads\/sites\/23\/bis-images\/663\/Titel_mountain-lake-1030924_1280b-800x800.jpg 1.000x,https:\/\/www.mooreconnect.at\/wp-content\/uploads\/sites\/23\/bis-images\/663\/Titel_mountain-lake-1030924_1280b-1600x1600.jpg 2.000x\"><img decoding=\"async\" src=\"https:\/\/www.mooreconnect.at\/wp-content\/uploads\/sites\/23\/bis-images\/663\/Titel_mountain-lake-1030924_1280b-800x800.jpg\" srcset=\"https:\/\/www.mooreconnect.at\/wp-content\/uploads\/sites\/23\/bis-images\/663\/Titel_mountain-lake-1030924_1280b-800x800.jpg 1.000x,https:\/\/www.mooreconnect.at\/wp-content\/uploads\/sites\/23\/bis-images\/663\/Titel_mountain-lake-1030924_1280b-1600x1600.jpg 2.000x\" alt=\"F\u00fchrungskr\u00e4fte-Entwicklung\" width=\"800\" height=\"800\" class=\"\"><\/picture>\t\t\t\t\n\t\t\t\t\n\t\t\t\t\n\t\t\t<\/div>\n\n\t\t\t\t\t<\/div>\n\t<\/div>\n\n\t\t\t<div class=\"hero__call-to-action\">\n\t\t\t\t\t\t\t\t<a href=\"https:\/\/www.mooreconnect.at\/en\/kontakt\/\" class=\"btn btn--primary btn--solid\" target=\"\">\n\t\t\t\t\t\tContact\t\t\t\t\t<\/a>\n\t\t\t\t\t\t\t\t\t<\/div>\n\t<\/div>\n<\/section>\n\n\n<style id=\"strategiq-two-column-style\">.block-two-column{padding:40px 0 20px}.single-firm .block-two-column{padding-bottom:1.875rem}@media (min-width: 768px){.block-two-column{padding:0}}@media (min-width: 768px){.block-two-column .content-offset-right{padding-right:0}}@media (min-width: 992px){.block-two-column .content-offset-right{padding-right:calc(8.33333% + 24px)}}.block-two-column img{width:100%}.block-two-column__content{color:var(--text-color)}.block-two-column__content p:last-of-type{margin-bottom:0}.block-two-column__content iframe{width:100%}.block-two-column__list-content{margin-bottom:2.5rem}.block-two-column__list-heading{margin-bottom:8px;font-size:20px;font-weight:500}.block-two-column__list li p:last-of-type{margin-bottom:0}.block-two-column__list ul:first-of-type,.block-two-column__list ol:first-of-type{margin-top:0}.block-two-column__list ul:first-of-type li:first-of-type,.block-two-column__list ol:first-of-type li:first-of-type{margin-top:0}.block-two-column__list>p+ul:first-of-type,.block-two-column__list>p+ol:first-of-type{margin-top:1rem}.block-two-column__list>p+ul:first-of-type li:first-of-type,.block-two-column__list>p+ol:first-of-type li:first-of-type{margin-top:24px}.block-two-column__content.position-sticky,.block-two-column__list.position-sticky,.block-two-column__image-container.position-sticky{top:calc(var(--site-header-height) + 1rem)}.block-two-column__content,.block-two-column__image,.block-two-column__list{padding:12px 0}@media (min-width: 768px){.block-two-column__content,.block-two-column__image,.block-two-column__list{padding:2.5rem 1rem}}@media (min-width: 992px){.block-two-column__content,.block-two-column__image,.block-two-column__list{padding:5rem 0 3.75rem 0}}\n\n\/*# sourceMappingURL=block-two-column.css.map *\/\n<\/style>\n<section class=\"wp-block-strategiq block-two-column wp-block-strategiq-two-column\">\n\t<div class=\"container\">\n\t\t\t\t\t<div class=\"line line--grey\"><\/div>\n\t\t\t<div class=\"section-name\">\n\t\t\t\t<div class=\"section-name__inner\">\n\t\t\t\t\t\t\t\t\t\t<h1 class=\"section-name__heading\">Strengthening<\/h1>\n\t\t\t\t<\/div>\n\t\t\t<\/div>\n\t\t\t\t<div class=\"row align-items-center\">\n\t\t\t\t\t\t\t<div class=\"col-12 col-md-6 col-lg-5 offset-lg-1 content-offset-right\">\n\t\t\t\t\t\t\t\t\t\t\t<div class=\"block-two-column__content content-container\">\n\t\t\t\t\t\t\t\t\t\t\t\t\t\t\t<h4>Developing leadership skills<\/h4>\n<p>It is particularly important for individually oriented specialist companies and creative businesses to develop a contemporary management style that strengthens the organisation in the long term. This includes building teams, establishing clear communication structures and providing targeted support for managers. Through coaching and practical guidance, we help you develop leadership skills that have a long-term impact and ensure the success of your company.<\/p>\n\t\t\t\t\t\t\t\t\t\t\t\t\t<\/div>\n\t\t\t\t\t\t\t\t\t<\/div>\n\t\t\t\t\t\t\t<div class=\"col-12 col-md-6 content-offset-right\">\n\t\t\t\t\t\t\t\t\t\t\t<div class=\"block-two-column__image-container\">\n\t\t\t\t\t\t\t<picture class=\"block-two-column__image\"><source media=\"(min-width: 0px)\" loading=\"lazy\" srcset=\"https:\/\/www.mooreconnect.at\/wp-content\/uploads\/sites\/23\/bis-images\/553\/ice-climbing-1247606_1920-590x395-f50_50.jpg 1.000x,https:\/\/www.mooreconnect.at\/wp-content\/uploads\/sites\/23\/bis-images\/553\/ice-climbing-1247606_1920-1180x790-f50_50.jpg 2.000x\"><img decoding=\"async\" loading=\"lazy\" src=\"https:\/\/www.mooreconnect.at\/wp-content\/uploads\/sites\/23\/bis-images\/553\/ice-climbing-1247606_1920-590x395-f50_50.jpg\" srcset=\"https:\/\/www.mooreconnect.at\/wp-content\/uploads\/sites\/23\/bis-images\/553\/ice-climbing-1247606_1920-590x395-f50_50.jpg 1.000x,https:\/\/www.mooreconnect.at\/wp-content\/uploads\/sites\/23\/bis-images\/553\/ice-climbing-1247606_1920-1180x790-f50_50.jpg 2.000x\" alt=\"F\u00fchrungskr\u00e4fte-Entwicklung\" width=\"590\" height=\"395\" class=\"\"><\/picture>\t\t\t\t\t\t<\/div>\n\t\t\t\t\t\t\t\t\t<\/div>\n\t\t\t\t\t<\/div>\n\t<\/div>\n<\/section>\n\n\n<section class=\"wp-block-strategiq block-two-column wp-block-strategiq-two-column\">\n\t<div class=\"container\">\n\t\t\t\t\t<div class=\"line line--grey\"><\/div>\n\t\t\t<div class=\"section-name\">\n\t\t\t\t<div class=\"section-name__inner\">\n\t\t\t\t\t\t\t\t\t\t<h1 class=\"section-name__heading\">Trust<\/h1>\n\t\t\t\t<\/div>\n\t\t\t<\/div>\n\t\t\t\t<div class=\"row align-items-center\">\n\t\t\t\t\t\t\t<div class=\"col-12 col-md-6 col-lg-5 offset-lg-1 content-offset-right\">\n\t\t\t\t\t\t\t\t\t\t\t<div class=\"block-two-column__image-container\">\n\t\t\t\t\t\t\t<picture class=\"block-two-column__image\"><source media=\"(min-width: 0px)\" loading=\"lazy\" srcset=\"https:\/\/www.mooreconnect.at\/wp-content\/uploads\/sites\/23\/bis-images\/505\/teamwork-3213924_1280-590x395-f50_50.jpg 1.000x,https:\/\/www.mooreconnect.at\/wp-content\/uploads\/sites\/23\/bis-images\/505\/teamwork-3213924_1280-1180x790-f50_50.jpg 2.000x\"><img decoding=\"async\" loading=\"lazy\" src=\"https:\/\/www.mooreconnect.at\/wp-content\/uploads\/sites\/23\/bis-images\/505\/teamwork-3213924_1280-590x395-f50_50.jpg\" srcset=\"https:\/\/www.mooreconnect.at\/wp-content\/uploads\/sites\/23\/bis-images\/505\/teamwork-3213924_1280-590x395-f50_50.jpg 1.000x,https:\/\/www.mooreconnect.at\/wp-content\/uploads\/sites\/23\/bis-images\/505\/teamwork-3213924_1280-1180x790-f50_50.jpg 2.000x\" alt=\"F\u00fchrungskr\u00e4fte-Entwicklung\" width=\"590\" height=\"395\" class=\"\"><\/picture>\t\t\t\t\t\t<\/div>\n\t\t\t\t\t\t\t\t\t<\/div>\n\t\t\t\t\t\t\t<div class=\"col-12 col-md-6 content-offset-right\">\n\t\t\t\t\t\t\t\t\t\t\t<div class=\"block-two-column__content content-container\">\n\t\t\t\t\t\t\t\t\t\t\t\t\t\t\t<h4>Utilise experience and collaboration<\/h4>\n<p>Als Steuerberater:innen haben wir diesen Entwicklungsweg selbst durchlaufen und uns intensiv mit Methoden und Instrumenten befasst, die sich in der Praxis bew\u00e4hrt haben. Diese wertvolle Erfahrung stellen wir unseren Klient:innen exklusiv zur Verf\u00fcgung. Zus\u00e4tzlich arbeiten wir interdisziplin\u00e4r mit Dipl.-Geogr. Ulrike Gamm und ao. Univ.-Prof. i.R. Dipl.-Ing. Mag. Dr. Mario Patera von der <a href=\"https:\/\/konfliktkultur.com\/\">Konfliktkultur GmbH<\/a> zusammen, um Ihnen die gr\u00f6\u00dftm\u00f6gliche Bandbreite an Expertise und Perspektiven bieten zu k\u00f6nnen.<\/p>\n\t\t\t\t\t\t\t\t\t\t\t\t\t<\/div>\n\t\t\t\t\t\t\t\t\t<\/div>\n\t\t\t\t\t<\/div>\n\t<\/div>\n<\/section>","protected":false},"excerpt":{"rendered":"","protected":false},"author":37,"featured_media":0,"parent":186,"menu_order":2,"comment_status":"closed","ping_status":"closed","template":"","meta":{"_acf_changed":true,"footnotes":""},"class_list":["post-270","page","type-page","status-publish","hentry"],"acf":[],"yoast_head":"<!-- This site is optimized with the Yoast SEO plugin v27.5 - https:\/\/yoast.com\/product\/yoast-seo-wordpress\/ -->\n<title>F\u00fchrungskr\u00e4fte-Entwicklung - MOORE connect<\/title>\n<meta name=\"robots\" content=\"index, follow, max-snippet:-1, max-image-preview:large, max-video-preview:-1\" \/>\n<link rel=\"canonical\" href=\"https:\/\/www.mooreconnect.at\/en\/wirtschaftsmediation\/fuehrungskrafte-entwicklung\/\" \/>\n<meta property=\"og:locale\" content=\"en_GB\" \/>\n<meta property=\"og:type\" content=\"article\" \/>\n<meta property=\"og:title\" content=\"F\u00fchrungskr\u00e4fte-Entwicklung - MOORE connect\" \/>\n<meta property=\"og:url\" content=\"https:\/\/www.mooreconnect.at\/en\/wirtschaftsmediation\/fuehrungskrafte-entwicklung\/\" \/>\n<meta property=\"og:site_name\" content=\"MOORE connect\" \/>\n<meta property=\"article:modified_time\" content=\"2026-01-21T12:10:20+00:00\" \/>\n<meta name=\"twitter:card\" content=\"summary_large_image\" \/>\n<script type=\"application\/ld+json\" class=\"yoast-schema-graph\">{\"@context\":\"https:\\\/\\\/schema.org\",\"@graph\":[{\"@type\":\"WebPage\",\"@id\":\"https:\\\/\\\/www.mooreconnect.at\\\/wirtschaftsmediation\\\/fuehrungskrafte-entwicklung\\\/\",\"url\":\"https:\\\/\\\/www.mooreconnect.at\\\/wirtschaftsmediation\\\/fuehrungskrafte-entwicklung\\\/\",\"name\":\"F\u00fchrungskr\u00e4fte-Entwicklung - MOORE connect\",\"isPartOf\":{\"@id\":\"https:\\\/\\\/www.mooreconnect.at\\\/#website\"},\"datePublished\":\"2025-08-14T09:41:08+00:00\",\"dateModified\":\"2026-01-21T12:10:20+00:00\",\"breadcrumb\":{\"@id\":\"https:\\\/\\\/www.mooreconnect.at\\\/wirtschaftsmediation\\\/fuehrungskrafte-entwicklung\\\/#breadcrumb\"},\"inLanguage\":\"en-GB\",\"potentialAction\":[{\"@type\":\"ReadAction\",\"target\":[\"https:\\\/\\\/www.mooreconnect.at\\\/wirtschaftsmediation\\\/fuehrungskrafte-entwicklung\\\/\"]}]},{\"@type\":\"BreadcrumbList\",\"@id\":\"https:\\\/\\\/www.mooreconnect.at\\\/wirtschaftsmediation\\\/fuehrungskrafte-entwicklung\\\/#breadcrumb\",\"itemListElement\":[{\"@type\":\"ListItem\",\"position\":1,\"name\":\"Home\",\"item\":\"https:\\\/\\\/www.mooreconnect.at\\\/\"},{\"@type\":\"ListItem\",\"position\":2,\"name\":\"Wirtschaftsmediation\",\"item\":\"https:\\\/\\\/www.mooreconnect.at\\\/wirtschaftsmediation\\\/\"},{\"@type\":\"ListItem\",\"position\":3,\"name\":\"F\u00fchrungskr\u00e4fte-Entwicklung\"}]},{\"@type\":\"WebSite\",\"@id\":\"https:\\\/\\\/www.mooreconnect.at\\\/#website\",\"url\":\"https:\\\/\\\/www.mooreconnect.at\\\/\",\"name\":\"MOORE connect\",\"description\":\"Wir verbinden Menschen \u2013 Ideen \u2013 Werte. Wir begleiten Sie in Ihrer nachhaltigen unternehmerischen Entwicklung. Grundlage daf\u00fcr sind gelingende Beziehungen.\",\"potentialAction\":[{\"@type\":\"SearchAction\",\"target\":{\"@type\":\"EntryPoint\",\"urlTemplate\":\"https:\\\/\\\/www.mooreconnect.at\\\/?s={search_term_string}\"},\"query-input\":{\"@type\":\"PropertyValueSpecification\",\"valueRequired\":true,\"valueName\":\"search_term_string\"}}],\"inLanguage\":\"en-GB\"}]}<\/script>\n<!-- \/ Yoast SEO plugin. -->","yoast_head_json":{"title":"F\u00fchrungskr\u00e4fte-Entwicklung - MOORE connect","robots":{"index":"index","follow":"follow","max-snippet":"max-snippet:-1","max-image-preview":"max-image-preview:large","max-video-preview":"max-video-preview:-1"},"canonical":"https:\/\/www.mooreconnect.at\/en\/wirtschaftsmediation\/fuehrungskrafte-entwicklung\/","og_locale":"en_GB","og_type":"article","og_title":"F\u00fchrungskr\u00e4fte-Entwicklung - MOORE connect","og_url":"https:\/\/www.mooreconnect.at\/en\/wirtschaftsmediation\/fuehrungskrafte-entwicklung\/","og_site_name":"MOORE connect","article_modified_time":"2026-01-21T12:10:20+00:00","twitter_card":"summary_large_image","schema":{"@context":"https:\/\/schema.org","@graph":[{"@type":"WebPage","@id":"https:\/\/www.mooreconnect.at\/wirtschaftsmediation\/fuehrungskrafte-entwicklung\/","url":"https:\/\/www.mooreconnect.at\/wirtschaftsmediation\/fuehrungskrafte-entwicklung\/","name":"F\u00fchrungskr\u00e4fte-Entwicklung - MOORE connect","isPartOf":{"@id":"https:\/\/www.mooreconnect.at\/#website"},"datePublished":"2025-08-14T09:41:08+00:00","dateModified":"2026-01-21T12:10:20+00:00","breadcrumb":{"@id":"https:\/\/www.mooreconnect.at\/wirtschaftsmediation\/fuehrungskrafte-entwicklung\/#breadcrumb"},"inLanguage":"en-GB","potentialAction":[{"@type":"ReadAction","target":["https:\/\/www.mooreconnect.at\/wirtschaftsmediation\/fuehrungskrafte-entwicklung\/"]}]},{"@type":"BreadcrumbList","@id":"https:\/\/www.mooreconnect.at\/wirtschaftsmediation\/fuehrungskrafte-entwicklung\/#breadcrumb","itemListElement":[{"@type":"ListItem","position":1,"name":"Home","item":"https:\/\/www.mooreconnect.at\/"},{"@type":"ListItem","position":2,"name":"Wirtschaftsmediation","item":"https:\/\/www.mooreconnect.at\/wirtschaftsmediation\/"},{"@type":"ListItem","position":3,"name":"F\u00fchrungskr\u00e4fte-Entwicklung"}]},{"@type":"WebSite","@id":"https:\/\/www.mooreconnect.at\/#website","url":"https:\/\/www.mooreconnect.at\/","name":"MOORE connect","description":"Wir verbinden Menschen \u2013 Ideen \u2013 Werte. Wir begleiten Sie in Ihrer nachhaltigen unternehmerischen Entwicklung. Grundlage daf\u00fcr sind gelingende Beziehungen.","potentialAction":[{"@type":"SearchAction","target":{"@type":"EntryPoint","urlTemplate":"https:\/\/www.mooreconnect.at\/?s={search_term_string}"},"query-input":{"@type":"PropertyValueSpecification","valueRequired":true,"valueName":"search_term_string"}}],"inLanguage":"en-GB"}]}},"_links":{"self":[{"href":"https:\/\/www.mooreconnect.at\/en\/wp-json\/wp\/v2\/pages\/270","targetHints":{"allow":["GET"]}}],"collection":[{"href":"https:\/\/www.mooreconnect.at\/en\/wp-json\/wp\/v2\/pages"}],"about":[{"href":"https:\/\/www.mooreconnect.at\/en\/wp-json\/wp\/v2\/types\/page"}],"author":[{"embeddable":true,"href":"https:\/\/www.mooreconnect.at\/en\/wp-json\/wp\/v2\/users\/37"}],"replies":[{"embeddable":true,"href":"https:\/\/www.mooreconnect.at\/en\/wp-json\/wp\/v2\/comments?post=270"}],"version-history":[{"count":0,"href":"https:\/\/www.mooreconnect.at\/en\/wp-json\/wp\/v2\/pages\/270\/revisions"}],"up":[{"embeddable":true,"href":"https:\/\/www.mooreconnect.at\/en\/wp-json\/wp\/v2\/pages\/186"}],"wp:attachment":[{"href":"https:\/\/www.mooreconnect.at\/en\/wp-json\/wp\/v2\/media?parent=270"}],"curies":[{"name":"wp","href":"https:\/\/api.w.org\/{rel}","templated":true}]}}